{"id":2530,"date":"2025-05-12T15:52:46","date_gmt":"2025-05-12T13:52:46","guid":{"rendered":"https:\/\/airportplaza.be\/politique-des-cookies\/"},"modified":"2025-12-14T16:24:16","modified_gmt":"2025-12-14T15:24:16","slug":"politique-des-cookies","status":"publish","type":"page","link":"https:\/\/airportplaza.be\/fr\/politique-des-cookies\/","title":{"rendered":"Politique des Cookies"},"content":{"rendered":"\t\t<div data-elementor-type=\"wp-page\" data-elementor-id=\"2530\" class=\"elementor elementor-2530 elementor-2521\" data-elementor-post-type=\"page\">\n\t\t\t\t<div class=\"elementor-element elementor-element-e176088 e-flex e-con-boxed e-con e-child\" data-id=\"e176088\" data-element_type=\"container\" data-e-type=\"container\">\n\t\t\t\t\t<div class=\"e-con-inner\">\n\t\t\t\t<div class=\"elementor-element elementor-element-842bbf0 elementor-widget elementor-widget-heading\" data-id=\"842bbf0\" data-element_type=\"widget\" data-e-type=\"widget\" data-widget_type=\"heading.default\">\n\t\t\t\t<div class=\"elementor-widget-container\">\n\t\t\t\t\t<h1 class=\"elementor-heading-title elementor-size-default\">Politique des Cookies<\/h1>\t\t\t\t<\/div>\n\t\t\t\t<\/div>\n\t\t\t\t<div class=\"elementor-element elementor-element-5948b71 elementor-widget elementor-widget-spacer\" data-id=\"5948b71\" data-element_type=\"widget\" data-e-type=\"widget\" data-widget_type=\"spacer.default\">\n\t\t\t\t<div class=\"elementor-widget-container\">\n\t\t\t\t\t\t\t<div class=\"elementor-spacer\">\n\t\t\t<div class=\"elementor-spacer-inner\"><\/div>\n\t\t<\/div>\n\t\t\t\t\t\t<\/div>\n\t\t\t\t<\/div>\n\t\t\t\t<div class=\"elementor-element elementor-element-5463a4f elementor-widget elementor-widget-heading\" data-id=\"5463a4f\" data-element_type=\"widget\" data-e-type=\"widget\" data-widget_type=\"heading.default\">\n\t\t\t\t<div class=\"elementor-widget-container\">\n\t\t\t\t\t<h2 class=\"elementor-heading-title elementor-size-default\">Qu\u2019est-ce qu\u2019un cookie ?<\/h2>\t\t\t\t<\/div>\n\t\t\t\t<\/div>\n\t\t\t\t<div class=\"elementor-element elementor-element-30ea8ba elementor-widget elementor-widget-text-editor\" data-id=\"30ea8ba\" data-element_type=\"widget\" data-e-type=\"widget\" data-widget_type=\"text-editor.default\">\n\t\t\t\t<div class=\"elementor-widget-container\">\n\t\t\t\t\t\t\t\t\t<p>Cette Politique de Cookies explique ce que sont les cookies, comment nous les utilisons, les types de cookies que nous utilisons, c\u2019est-\u00e0-dire les informations que nous collectons \u00e0 l\u2019aide des cookies, comment ces informations sont utilis\u00e9es, et comment g\u00e9rer les param\u00e8tres des cookies.<\/p><p>Les cookies sont de petits fichiers texte utilis\u00e9s pour stocker de petites quantit\u00e9s d\u2019informations. Ils sont stock\u00e9s sur votre appareil lorsque le site web est charg\u00e9 sur votre navigateur. Ces cookies nous aident \u00e0 faire fonctionner correctement le site web, \u00e0 le s\u00e9curiser, \u00e0 offrir une meilleure exp\u00e9rience utilisateur, \u00e0 comprendre comment le site fonctionne et \u00e0 analyser ce qui fonctionne et ce qui n\u00e9cessite des am\u00e9liorations.  <\/p>\t\t\t\t\t\t\t\t<\/div>\n\t\t\t\t<\/div>\n\t\t\t\t<div class=\"elementor-element elementor-element-56e7ebe elementor-widget elementor-widget-heading\" data-id=\"56e7ebe\" data-element_type=\"widget\" data-e-type=\"widget\" data-widget_type=\"heading.default\">\n\t\t\t\t<div class=\"elementor-widget-container\">\n\t\t\t\t\t<h2 class=\"elementor-heading-title elementor-size-default\">Comment utilisons-nous les cookies ?<\/h2>\t\t\t\t<\/div>\n\t\t\t\t<\/div>\n\t\t\t\t<div class=\"elementor-element elementor-element-cc7cae3 elementor-widget elementor-widget-text-editor\" data-id=\"cc7cae3\" data-element_type=\"widget\" data-e-type=\"widget\" data-widget_type=\"text-editor.default\">\n\t\t\t\t<div class=\"elementor-widget-container\">\n\t\t\t\t\t\t\t\t\t<p>Comme la plupart des services en ligne, notre site web utilise des cookies internes (first-party) et des cookies tiers (third-party) pour plusieurs raisons. Les cookies internes sont principalement n\u00e9cessaires au bon fonctionnement du site et ne collectent aucune de vos donn\u00e9es personnelles identifiables. <\/p><p>Les cookies tiers utilis\u00e9s sur notre site servent principalement \u00e0 comprendre comment le site fonctionne, comment vous interagissez avec notre site, \u00e0 s\u00e9curiser nos services, \u00e0 vous fournir des publicit\u00e9s pertinentes, et de mani\u00e8re g\u00e9n\u00e9rale \u00e0 vous offrir une meilleure exp\u00e9rience utilisateur et \u00e0 acc\u00e9l\u00e9rer vos interactions futures avec notre site.<\/p>\t\t\t\t\t\t\t\t<\/div>\n\t\t\t\t<\/div>\n\t\t\t\t<div class=\"elementor-element elementor-element-864f9c5 elementor-widget elementor-widget-heading\" data-id=\"864f9c5\" data-element_type=\"widget\" data-e-type=\"widget\" data-widget_type=\"heading.default\">\n\t\t\t\t<div class=\"elementor-widget-container\">\n\t\t\t\t\t<h2 class=\"elementor-heading-title elementor-size-default\">Types de cookies que nous utilisons<\/h2>\t\t\t\t<\/div>\n\t\t\t\t<\/div>\n\t\t\t\t<div class=\"elementor-element elementor-element-d939ae9 elementor-widget elementor-widget-html\" data-id=\"d939ae9\" data-element_type=\"widget\" data-e-type=\"widget\" data-widget_type=\"html.default\">\n\t\t\t\t<div class=\"elementor-widget-container\">\n\t\t\t\t\t<div class=\"cky-audit-table-element\"><\/div>\t\t\t\t<\/div>\n\t\t\t\t<\/div>\n\t\t\t\t<div class=\"elementor-element elementor-element-533ab4c elementor-widget elementor-widget-heading\" data-id=\"533ab4c\" data-element_type=\"widget\" data-e-type=\"widget\" data-widget_type=\"heading.default\">\n\t\t\t\t<div class=\"elementor-widget-container\">\n\t\t\t\t\t<h2 class=\"elementor-heading-title elementor-size-default\">G\u00e9rer les pr\u00e9f\u00e9rences de cookies<\/h2>\t\t\t\t<\/div>\n\t\t\t\t<\/div>\n\t\t\t\t<div class=\"elementor-element elementor-element-d22c7ed cky-banner-element elementor-widget elementor-widget-button\" data-id=\"d22c7ed\" data-element_type=\"widget\" data-e-type=\"widget\" data-widget_type=\"button.default\">\n\t\t\t\t<div class=\"elementor-widget-container\">\n\t\t\t\t\t\t\t\t\t<div class=\"elementor-button-wrapper\">\n\t\t\t\t\t<a class=\"elementor-button elementor-size-sm\" role=\"button\">\n\t\t\t\t\t\t<span class=\"elementor-button-content-wrapper\">\n\t\t\t\t\t\t\t\t\t<span class=\"elementor-button-text\">Param\u00e8tres des cookies<\/span>\n\t\t\t\t\t<\/span>\n\t\t\t\t\t<\/a>\n\t\t\t\t<\/div>\n\t\t\t\t\t\t\t\t<\/div>\n\t\t\t\t<\/div>\n\t\t\t\t<div class=\"elementor-element elementor-element-bc13262 elementor-widget elementor-widget-text-editor\" data-id=\"bc13262\" data-element_type=\"widget\" data-e-type=\"widget\" data-widget_type=\"text-editor.default\">\n\t\t\t\t<div class=\"elementor-widget-container\">\n\t\t\t\t\t\t\t\t\t<p>Vous pouvez modifier vos pr\u00e9f\u00e9rences de cookies \u00e0 tout moment en cliquant sur le bouton ci-dessus. Cela vous permettra de revoir la banni\u00e8re de consentement aux cookies et de modifier vos pr\u00e9f\u00e9rences ou de retirer votre consentement imm\u00e9diatement. <\/p><p>En outre, diff\u00e9rents navigateurs fournissent diff\u00e9rentes m\u00e9thodes pour bloquer et supprimer les cookies utilis\u00e9s par les sites web. Vous pouvez modifier les param\u00e8tres de votre navigateur pour bloquer\/supprimer les cookies. Voici les liens vers les documents de support sur la gestion et la suppression des cookies pour les principaux navigateurs web.  <\/p><p>Si vous utilisez un autre navigateur web, veuillez consulter les documents de support officiels de votre navigateur.<\/p>\t\t\t\t\t\t\t\t<\/div>\n\t\t\t\t<\/div>\n\t\t\t\t<div class=\"elementor-element elementor-element-5b55766 elementor-list-item-link-inline elementor-icon-list--layout-traditional elementor-widget elementor-widget-icon-list\" data-id=\"5b55766\" data-element_type=\"widget\" data-e-type=\"widget\" data-widget_type=\"icon-list.default\">\n\t\t\t\t<div class=\"elementor-widget-container\">\n\t\t\t\t\t\t\t<ul class=\"elementor-icon-list-items\">\n\t\t\t\t\t\t\t<li class=\"elementor-icon-list-item\">\n\t\t\t\t\t\t\t\t\t\t\t<a href=\"https:\/\/support.google.com\/accounts\/answer\/32050\" target=\"_blank\" rel=\"noopener noreferrer nofollow\">\n\n\t\t\t\t\t\t\t\t\t\t\t\t<span class=\"elementor-icon-list-icon\">\n\t\t\t\t\t\t\t<svg aria-hidden=\"true\" class=\"e-font-icon-svg e-fab-chrome\" viewBox=\"0 0 496 512\" xmlns=\"http:\/\/www.w3.org\/2000\/svg\"><path d=\"M131.5 217.5L55.1 100.1c47.6-59.2 119-91.8 192-92.1 42.3-.3 85.5 10.5 124.8 33.2 43.4 25.2 76.4 61.4 97.4 103L264 133.4c-58.1-3.4-113.4 29.3-132.5 84.1zm32.9 38.5c0 46.2 37.4 83.6 83.6 83.6s83.6-37.4 83.6-83.6-37.4-83.6-83.6-83.6-83.6 37.3-83.6 83.6zm314.9-89.2L339.6 174c37.9 44.3 38.5 108.2 6.6 157.2L234.1 503.6c46.5 2.5 94.4-7.7 137.8-32.9 107.4-62 150.9-192 107.4-303.9zM133.7 303.6L40.4 120.1C14.9 159.1 0 205.9 0 256c0 124 90.8 226.7 209.5 244.9l63.7-124.8c-57.6 10.8-113.2-20.8-139.5-72.5z\"><\/path><\/svg>\t\t\t\t\t\t<\/span>\n\t\t\t\t\t\t\t\t\t\t<span class=\"elementor-icon-list-text\">Google Chrome<\/span>\n\t\t\t\t\t\t\t\t\t\t\t<\/a>\n\t\t\t\t\t\t\t\t\t<\/li>\n\t\t\t\t\t\t\t\t<li class=\"elementor-icon-list-item\">\n\t\t\t\t\t\t\t\t\t\t\t<a href=\"https:\/\/support.apple.com\/en-in\/guide\/safari\/sfri11471\/mac\" target=\"_blank\" rel=\"noopener noreferrer nofollow\">\n\n\t\t\t\t\t\t\t\t\t\t\t\t<span class=\"elementor-icon-list-icon\">\n\t\t\t\t\t\t\t<svg aria-hidden=\"true\" class=\"e-font-icon-svg e-fab-safari\" viewBox=\"0 0 512 512\" xmlns=\"http:\/\/www.w3.org\/2000\/svg\"><path d=\"M274.69,274.69l-37.38-37.38L166,346ZM256,8C119,8,8,119,8,256S119,504,256,504,504,393,504,256,393,8,256,8ZM411.85,182.79l14.78-6.13A8,8,0,0,1,437.08,181h0a8,8,0,0,1-4.33,10.46L418,197.57a8,8,0,0,1-10.45-4.33h0A8,8,0,0,1,411.85,182.79ZM314.43,94l6.12-14.78A8,8,0,0,1,331,74.92h0a8,8,0,0,1,4.33,10.45l-6.13,14.78a8,8,0,0,1-10.45,4.33h0A8,8,0,0,1,314.43,94ZM256,60h0a8,8,0,0,1,8,8V84a8,8,0,0,1-8,8h0a8,8,0,0,1-8-8V68A8,8,0,0,1,256,60ZM181,74.92a8,8,0,0,1,10.46,4.33L197.57,94a8,8,0,1,1-14.78,6.12l-6.13-14.78A8,8,0,0,1,181,74.92Zm-63.58,42.49h0a8,8,0,0,1,11.31,0L140,128.72A8,8,0,0,1,140,140h0a8,8,0,0,1-11.31,0l-11.31-11.31A8,8,0,0,1,117.41,117.41ZM60,256h0a8,8,0,0,1,8-8H84a8,8,0,0,1,8,8h0a8,8,0,0,1-8,8H68A8,8,0,0,1,60,256Zm40.15,73.21-14.78,6.13A8,8,0,0,1,74.92,331h0a8,8,0,0,1,4.33-10.46L94,314.43a8,8,0,0,1,10.45,4.33h0A8,8,0,0,1,100.15,329.21Zm4.33-136h0A8,8,0,0,1,94,197.57l-14.78-6.12A8,8,0,0,1,74.92,181h0a8,8,0,0,1,10.45-4.33l14.78,6.13A8,8,0,0,1,104.48,193.24ZM197.57,418l-6.12,14.78a8,8,0,0,1-14.79-6.12l6.13-14.78A8,8,0,1,1,197.57,418ZM264,444a8,8,0,0,1-8,8h0a8,8,0,0,1-8-8V428a8,8,0,0,1,8-8h0a8,8,0,0,1,8,8Zm67-6.92h0a8,8,0,0,1-10.46-4.33L314.43,418a8,8,0,0,1,4.33-10.45h0a8,8,0,0,1,10.45,4.33l6.13,14.78A8,8,0,0,1,331,437.08Zm63.58-42.49h0a8,8,0,0,1-11.31,0L372,383.28A8,8,0,0,1,372,372h0a8,8,0,0,1,11.31,0l11.31,11.31A8,8,0,0,1,394.59,394.59ZM286.25,286.25,110.34,401.66,225.75,225.75,401.66,110.34ZM437.08,331h0a8,8,0,0,1-10.45,4.33l-14.78-6.13a8,8,0,0,1-4.33-10.45h0A8,8,0,0,1,418,314.43l14.78,6.12A8,8,0,0,1,437.08,331ZM444,264H428a8,8,0,0,1-8-8h0a8,8,0,0,1,8-8h16a8,8,0,0,1,8,8h0A8,8,0,0,1,444,264Z\"><\/path><\/svg>\t\t\t\t\t\t<\/span>\n\t\t\t\t\t\t\t\t\t\t<span class=\"elementor-icon-list-text\">Safari<\/span>\n\t\t\t\t\t\t\t\t\t\t\t<\/a>\n\t\t\t\t\t\t\t\t\t<\/li>\n\t\t\t\t\t\t\t\t<li class=\"elementor-icon-list-item\">\n\t\t\t\t\t\t\t\t\t\t\t<a href=\"https:\/\/support.mozilla.org\/en-US\/kb\/clear-cookies-and-site-data-firefox?redirectslug=delete-cookies-remove-info-websites-stored&#038;redirectlocale=en-US\" target=\"_blank\" rel=\"noopener noreferrer nofollow\">\n\n\t\t\t\t\t\t\t\t\t\t\t\t<span class=\"elementor-icon-list-icon\">\n\t\t\t\t\t\t\t<svg aria-hidden=\"true\" class=\"e-font-icon-svg e-fab-firefox-browser\" viewBox=\"0 0 512 512\" xmlns=\"http:\/\/www.w3.org\/2000\/svg\"><path d=\"M189.37,152.86Zm-58.74-29.37C130.79,123.5,130.71,123.5,130.63,123.49Zm351.42,45.35c-10.61-25.5-32.08-53-48.94-61.73,13.72,26.89,21.67,53.88,24.7,74,0,0,0,.14.05.41-27.58-68.75-74.35-96.47-112.55-156.83-1.93-3.05-3.86-6.11-5.74-9.33-1-1.65-1.86-3.34-2.69-5.05A44.88,44.88,0,0,1,333.24.69a.63.63,0,0,0-.55-.66.9.9,0,0,0-.46,0l-.12.07-.18.1.1-.14c-54.23,31.77-76.72,87.38-82.5,122.78a130,130,0,0,0-48.33,12.33,6.25,6.25,0,0,0-3.09,7.75,6.13,6.13,0,0,0,7.79,3.79l.52-.21a117.84,117.84,0,0,1,42.11-11l1.42-.1c2-.12,4-.2,6-.22A122.61,122.61,0,0,1,291,140c.67.2,1.32.42,2,.63,1.89.57,3.76,1.2,5.62,1.87,1.36.5,2.71,1,4.05,1.58,1.09.44,2.18.88,3.25,1.35q2.52,1.13,5,2.35c.75.37,1.5.74,2.25,1.13q2.4,1.26,4.74,2.63,1.51.87,3,1.8a124.89,124.89,0,0,1,42.66,44.13c-13-9.15-36.35-18.19-58.82-14.28,87.74,43.86,64.18,194.9-57.39,189.2a108.43,108.43,0,0,1-31.74-6.12c-2.42-.91-4.8-1.89-7.16-2.93-1.38-.63-2.76-1.27-4.12-2C174.5,346,149.9,316.92,146.83,281.59c0,0,11.25-41.95,80.62-41.95,7.5,0,28.93-20.92,29.33-27-.09-2-42.54-18.87-59.09-35.18-8.85-8.71-13.05-12.91-16.77-16.06a69.58,69.58,0,0,0-6.31-4.77A113.05,113.05,0,0,1,173.92,97c-25.06,11.41-44.55,29.45-58.71,45.37h-.12c-9.67-12.25-9-52.65-8.43-61.08-.12-.53-7.22,3.68-8.15,4.31a178.54,178.54,0,0,0-23.84,20.43A214,214,0,0,0,51.9,133.36l0,0a.08.08,0,0,1,0,0,205.84,205.84,0,0,0-32.73,73.9c-.06.27-2.33,10.21-4,22.48q-.42,2.87-.78,5.74c-.57,3.69-1,7.71-1.44,14,0,.24,0,.48-.05.72-.18,2.71-.34,5.41-.49,8.12,0,.41,0,.82,0,1.24,0,134.7,109.21,243.89,243.92,243.89,120.64,0,220.82-87.58,240.43-202.62.41-3.12.74-6.26,1.11-9.41,4.85-41.83-.54-85.79-15.82-122.55Z\"><\/path><\/svg>\t\t\t\t\t\t<\/span>\n\t\t\t\t\t\t\t\t\t\t<span class=\"elementor-icon-list-text\">Firefox<\/span>\n\t\t\t\t\t\t\t\t\t\t\t<\/a>\n\t\t\t\t\t\t\t\t\t<\/li>\n\t\t\t\t\t\t\t\t<li class=\"elementor-icon-list-item\">\n\t\t\t\t\t\t\t\t\t\t\t<a href=\"https:\/\/support.microsoft.com\/en-us\/windows\/manage-cookies-in-microsoft-edge-view-allow-block-delete-and-use-168dab11-0753-043d-7c16-ede5947fc64d\" target=\"_blank\" rel=\"noopener noreferrer nofollow\">\n\n\t\t\t\t\t\t\t\t\t\t\t\t<span class=\"elementor-icon-list-icon\">\n\t\t\t\t\t\t\t<svg aria-hidden=\"true\" class=\"e-font-icon-svg e-fab-edge\" viewBox=\"0 0 512 512\" xmlns=\"http:\/\/www.w3.org\/2000\/svg\"><path d=\"M481.92,134.48C440.87,54.18,352.26,8,255.91,8,137.05,8,37.51,91.68,13.47,203.66c26-46.49,86.22-79.14,149.46-79.14,79.27,0,121.09,48.93,122.25,50.18,22,23.8,33,50.39,33,83.1,0,10.4-5.31,25.82-15.11,38.57-1.57,2-6.39,4.84-6.39,11,0,5.06,3.29,9.92,9.14,14,27.86,19.37,80.37,16.81,80.51,16.81A115.39,115.39,0,0,0,444.94,322a118.92,118.92,0,0,0,58.95-102.44C504.39,176.13,488.39,147.26,481.92,134.48ZM212.77,475.67a154.88,154.88,0,0,1-46.64-45c-32.94-47.42-34.24-95.6-20.1-136A155.5,155.5,0,0,1,203,215.75c59-45.2,94.84-5.65,99.06-1a80,80,0,0,0-4.89-10.14c-9.24-15.93-24-36.41-56.56-53.51-33.72-17.69-70.59-18.59-77.64-18.59-38.71,0-77.9,13-107.53,35.69C35.68,183.3,12.77,208.72,8.6,243c-1.08,12.31-2.75,62.8,23,118.27a248,248,0,0,0,248.3,141.61C241.78,496.26,214.05,476.24,212.77,475.67Zm250.72-98.33a7.76,7.76,0,0,0-7.92-.23,181.66,181.66,0,0,1-20.41,9.12,197.54,197.54,0,0,1-69.55,12.52c-91.67,0-171.52-63.06-171.52-144A61.12,61.12,0,0,1,200.61,228,168.72,168.72,0,0,0,161.85,278c-14.92,29.37-33,88.13,13.33,151.66,6.51,8.91,23,30,56,47.67,23.57,12.65,49,19.61,71.7,19.61,35.14,0,115.43-33.44,163-108.87A7.75,7.75,0,0,0,463.49,377.34Z\"><\/path><\/svg>\t\t\t\t\t\t<\/span>\n\t\t\t\t\t\t\t\t\t\t<span class=\"elementor-icon-list-text\">Edge<\/span>\n\t\t\t\t\t\t\t\t\t\t\t<\/a>\n\t\t\t\t\t\t\t\t\t<\/li>\n\t\t\t\t\t\t\t\t<li class=\"elementor-icon-list-item\">\n\t\t\t\t\t\t\t\t\t\t\t<a href=\"https:\/\/support.microsoft.com\/en-us\/topic\/how-to-delete-cookie-files-in-internet-explorer-bca9446f-d873-78de-77ba-d42645fa52fc\" target=\"_blank\" rel=\"noopener noreferrer nofollow\">\n\n\t\t\t\t\t\t\t\t\t\t\t\t<span class=\"elementor-icon-list-icon\">\n\t\t\t\t\t\t\t<svg aria-hidden=\"true\" class=\"e-font-icon-svg e-fab-internet-explorer\" viewBox=\"0 0 512 512\" xmlns=\"http:\/\/www.w3.org\/2000\/svg\"><path d=\"M483.049 159.706c10.855-24.575 21.424-60.438 21.424-87.871 0-72.722-79.641-98.371-209.673-38.577-107.632-7.181-211.221 73.67-237.098 186.457 30.852-34.862 78.271-82.298 121.977-101.158C125.404 166.85 79.128 228.002 43.992 291.725 23.246 329.651 0 390.94 0 436.747c0 98.575 92.854 86.5 180.251 42.006 31.423 15.43 66.559 15.573 101.695 15.573 97.124 0 184.249-54.294 216.814-146.022H377.927c-52.509 88.593-196.819 52.996-196.819-47.436H509.9c6.407-43.581-1.655-95.715-26.851-141.162zM64.559 346.877c17.711 51.15 53.703 95.871 100.266 123.304-88.741 48.94-173.267 29.096-100.266-123.304zm115.977-108.873c2-55.151 50.276-94.871 103.98-94.871 53.418 0 101.981 39.72 103.981 94.871H180.536zm184.536-187.6c21.425-10.287 48.563-22.003 72.558-22.003 31.422 0 54.274 21.717 54.274 53.722 0 20.003-7.427 49.007-14.569 67.867-26.28-42.292-65.986-81.584-112.263-99.586z\"><\/path><\/svg>\t\t\t\t\t\t<\/span>\n\t\t\t\t\t\t\t\t\t\t<span class=\"elementor-icon-list-text\">Internet Explorer<\/span>\n\t\t\t\t\t\t\t\t\t\t\t<\/a>\n\t\t\t\t\t\t\t\t\t<\/li>\n\t\t\t\t\t\t<\/ul>\n\t\t\t\t\t\t<\/div>\n\t\t\t\t<\/div>\n\t\t\t\t\t<\/div>\n\t\t\t\t<\/div>\n\t\t\t\t<\/div>\n\t\t","protected":false},"excerpt":{"rendered":"<p>Politique des Cookies Qu\u2019est-ce qu\u2019un cookie ? Cette Politique de Cookies explique ce que sont les cookies, comment nous les utilisons, les types de cookies que nous utilisons, c\u2019est-\u00e0-dire les informations que nous collectons \u00e0 l\u2019aide des cookies, comment ces informations sont utilis\u00e9es, et comment g\u00e9rer les param\u00e8tres des cookies. Les cookies sont de petits [&hellip;]<\/p>\n","protected":false},"author":2,"featured_media":0,"parent":0,"menu_order":0,"comment_status":"closed","ping_status":"closed","template":"","meta":{"_acf_changed":false,"footnotes":""},"class_list":["post-2530","page","type-page","status-publish","hentry"],"acf":[],"yoast_head":"<title>Politique des Cookies - Airport Plaza<\/title>\n<meta name=\"robots\" content=\"index, follow, max-snippet:-1, max-image-preview:large, max-video-preview:-1\" \/>\n<link rel=\"canonical\" href=\"https:\/\/airportplaza.be\/fr\/politique-des-cookies\/\" \/>\n<meta property=\"og:locale\" content=\"fr_FR\" \/>\n<meta property=\"og:type\" content=\"article\" \/>\n<meta property=\"og:title\" content=\"Politique des Cookies - Airport Plaza\" \/>\n<meta property=\"og:description\" content=\"Politique des Cookies Qu\u2019est-ce qu\u2019un cookie ? Cette Politique de Cookies explique ce que sont les cookies, comment nous les utilisons, les types de cookies que nous utilisons, c\u2019est-\u00e0-dire les informations que nous collectons \u00e0 l\u2019aide des cookies, comment ces informations sont utilis\u00e9es, et comment g\u00e9rer les param\u00e8tres des cookies. Les cookies sont de petits [&hellip;]\" \/>\n<meta property=\"og:url\" content=\"https:\/\/airportplaza.be\/fr\/politique-des-cookies\/\" \/>\n<meta property=\"og:site_name\" content=\"Airport Plaza\" \/>\n<meta property=\"article:modified_time\" content=\"2025-12-14T15:24:16+00:00\" \/>\n<meta name=\"twitter:card\" content=\"summary_large_image\" \/>\n<meta name=\"twitter:label1\" content=\"Dur\u00e9e de lecture estim\u00e9e\" \/>\n\t<meta name=\"twitter:data1\" content=\"2 minutes\" \/>\n<script type=\"application\/ld+json\" class=\"yoast-schema-graph\">{\"@context\":\"https:\\\/\\\/schema.org\",\"@graph\":[{\"@type\":\"WebPage\",\"@id\":\"https:\\\/\\\/airportplaza.be\\\/fr\\\/politique-des-cookies\\\/\",\"url\":\"https:\\\/\\\/airportplaza.be\\\/fr\\\/politique-des-cookies\\\/\",\"name\":\"Politique des Cookies - Airport Plaza\",\"isPartOf\":{\"@id\":\"https:\\\/\\\/airportplaza.be\\\/fr\\\/#website\"},\"datePublished\":\"2025-05-12T13:52:46+00:00\",\"dateModified\":\"2025-12-14T15:24:16+00:00\",\"breadcrumb\":{\"@id\":\"https:\\\/\\\/airportplaza.be\\\/fr\\\/politique-des-cookies\\\/#breadcrumb\"},\"inLanguage\":\"fr-FR\",\"potentialAction\":[{\"@type\":\"ReadAction\",\"target\":[\"https:\\\/\\\/airportplaza.be\\\/fr\\\/politique-des-cookies\\\/\"]}]},{\"@type\":\"BreadcrumbList\",\"@id\":\"https:\\\/\\\/airportplaza.be\\\/fr\\\/politique-des-cookies\\\/#breadcrumb\",\"itemListElement\":[{\"@type\":\"ListItem\",\"position\":1,\"name\":\"Home\",\"item\":\"https:\\\/\\\/airportplaza.be\\\/fr\\\/\"},{\"@type\":\"ListItem\",\"position\":2,\"name\":\"Politique des Cookies\"}]},{\"@type\":\"WebSite\",\"@id\":\"https:\\\/\\\/airportplaza.be\\\/fr\\\/#website\",\"url\":\"https:\\\/\\\/airportplaza.be\\\/fr\\\/\",\"name\":\"Airport Plaza\",\"description\":\"\",\"publisher\":{\"@id\":\"https:\\\/\\\/airportplaza.be\\\/fr\\\/#organization\"},\"potentialAction\":[{\"@type\":\"SearchAction\",\"target\":{\"@type\":\"EntryPoint\",\"urlTemplate\":\"https:\\\/\\\/airportplaza.be\\\/fr\\\/?s={search_term_string}\"},\"query-input\":{\"@type\":\"PropertyValueSpecification\",\"valueRequired\":true,\"valueName\":\"search_term_string\"}}],\"inLanguage\":\"fr-FR\"},{\"@type\":\"Organization\",\"@id\":\"https:\\\/\\\/airportplaza.be\\\/fr\\\/#organization\",\"name\":\"Airport Plaza\",\"url\":\"https:\\\/\\\/airportplaza.be\\\/fr\\\/\",\"logo\":{\"@type\":\"ImageObject\",\"inLanguage\":\"fr-FR\",\"@id\":\"https:\\\/\\\/airportplaza.be\\\/fr\\\/#\\\/schema\\\/logo\\\/image\\\/\",\"url\":\"https:\\\/\\\/airportplaza.be\\\/wp-content\\\/uploads\\\/2025\\\/04\\\/airportplaza-logo.svg\",\"contentUrl\":\"https:\\\/\\\/airportplaza.be\\\/wp-content\\\/uploads\\\/2025\\\/04\\\/airportplaza-logo.svg\",\"caption\":\"Airport Plaza\"},\"image\":{\"@id\":\"https:\\\/\\\/airportplaza.be\\\/fr\\\/#\\\/schema\\\/logo\\\/image\\\/\"}}]}<\/script>","yoast_head_json":{"title":"Politique des Cookies - Airport Plaza","robots":{"index":"index","follow":"follow","max-snippet":"max-snippet:-1","max-image-preview":"max-image-preview:large","max-video-preview":"max-video-preview:-1"},"canonical":"https:\/\/airportplaza.be\/fr\/politique-des-cookies\/","og_locale":"fr_FR","og_type":"article","og_title":"Politique des Cookies - Airport Plaza","og_description":"Politique des Cookies Qu\u2019est-ce qu\u2019un cookie ? Cette Politique de Cookies explique ce que sont les cookies, comment nous les utilisons, les types de cookies que nous utilisons, c\u2019est-\u00e0-dire les informations que nous collectons \u00e0 l\u2019aide des cookies, comment ces informations sont utilis\u00e9es, et comment g\u00e9rer les param\u00e8tres des cookies. Les cookies sont de petits [&hellip;]","og_url":"https:\/\/airportplaza.be\/fr\/politique-des-cookies\/","og_site_name":"Airport Plaza","article_modified_time":"2025-12-14T15:24:16+00:00","twitter_card":"summary_large_image","twitter_misc":{"Dur\u00e9e de lecture estim\u00e9e":"2 minutes"},"schema":{"@context":"https:\/\/schema.org","@graph":[{"@type":"WebPage","@id":"https:\/\/airportplaza.be\/fr\/politique-des-cookies\/","url":"https:\/\/airportplaza.be\/fr\/politique-des-cookies\/","name":"Politique des Cookies - Airport Plaza","isPartOf":{"@id":"https:\/\/airportplaza.be\/fr\/#website"},"datePublished":"2025-05-12T13:52:46+00:00","dateModified":"2025-12-14T15:24:16+00:00","breadcrumb":{"@id":"https:\/\/airportplaza.be\/fr\/politique-des-cookies\/#breadcrumb"},"inLanguage":"fr-FR","potentialAction":[{"@type":"ReadAction","target":["https:\/\/airportplaza.be\/fr\/politique-des-cookies\/"]}]},{"@type":"BreadcrumbList","@id":"https:\/\/airportplaza.be\/fr\/politique-des-cookies\/#breadcrumb","itemListElement":[{"@type":"ListItem","position":1,"name":"Home","item":"https:\/\/airportplaza.be\/fr\/"},{"@type":"ListItem","position":2,"name":"Politique des Cookies"}]},{"@type":"WebSite","@id":"https:\/\/airportplaza.be\/fr\/#website","url":"https:\/\/airportplaza.be\/fr\/","name":"Airport Plaza","description":"","publisher":{"@id":"https:\/\/airportplaza.be\/fr\/#organization"},"potentialAction":[{"@type":"SearchAction","target":{"@type":"EntryPoint","urlTemplate":"https:\/\/airportplaza.be\/fr\/?s={search_term_string}"},"query-input":{"@type":"PropertyValueSpecification","valueRequired":true,"valueName":"search_term_string"}}],"inLanguage":"fr-FR"},{"@type":"Organization","@id":"https:\/\/airportplaza.be\/fr\/#organization","name":"Airport Plaza","url":"https:\/\/airportplaza.be\/fr\/","logo":{"@type":"ImageObject","inLanguage":"fr-FR","@id":"https:\/\/airportplaza.be\/fr\/#\/schema\/logo\/image\/","url":"https:\/\/airportplaza.be\/wp-content\/uploads\/2025\/04\/airportplaza-logo.svg","contentUrl":"https:\/\/airportplaza.be\/wp-content\/uploads\/2025\/04\/airportplaza-logo.svg","caption":"Airport Plaza"},"image":{"@id":"https:\/\/airportplaza.be\/fr\/#\/schema\/logo\/image\/"}}]}},"_links":{"self":[{"href":"https:\/\/airportplaza.be\/fr\/wp-json\/wp\/v2\/pages\/2530","targetHints":{"allow":["GET"]}}],"collection":[{"href":"https:\/\/airportplaza.be\/fr\/wp-json\/wp\/v2\/pages"}],"about":[{"href":"https:\/\/airportplaza.be\/fr\/wp-json\/wp\/v2\/types\/page"}],"author":[{"embeddable":true,"href":"https:\/\/airportplaza.be\/fr\/wp-json\/wp\/v2\/users\/2"}],"replies":[{"embeddable":true,"href":"https:\/\/airportplaza.be\/fr\/wp-json\/wp\/v2\/comments?post=2530"}],"version-history":[{"count":0,"href":"https:\/\/airportplaza.be\/fr\/wp-json\/wp\/v2\/pages\/2530\/revisions"}],"wp:attachment":[{"href":"https:\/\/airportplaza.be\/fr\/wp-json\/wp\/v2\/media?parent=2530"}],"curies":[{"name":"wp","href":"https:\/\/api.w.org\/{rel}","templated":true}]}}